{"id":6406,"date":"2020-03-09T13:09:58","date_gmt":"2020-03-09T19:09:58","guid":{"rendered":"https:\/\/www.lasallecuernavaca.edu.mx\/wp\/?page_id=6406"},"modified":"2021-09-28T15:40:15","modified_gmt":"2021-09-28T20:40:15","slug":"comunidad-segura-uni","status":"publish","type":"page","link":"https:\/\/www.lasallecuernavaca.edu.mx\/wp\/comunidad-segura-uni\/","title":{"rendered":"Comunidad Segura &#8211; Buz\u00f3n Universidad"},"content":{"rendered":"\t\t<div data-elementor-type=\"wp-page\" data-elementor-id=\"6406\" class=\"elementor elementor-6406\">\n\t\t\t\t\t\t\t\t\t<section class=\"elementor-section elementor-top-section elementor-element elementor-element-9c96f7b elementor-section-boxed elementor-section-height-default elementor-section-height-default\" data-id=\"9c96f7b\" data-element_type=\"section\">\n\t\t\t\t\t\t<div class=\"elementor-container elementor-column-gap-default\">\n\t\t\t\t\t<div class=\"elementor-column elementor-col-100 elementor-top-column elementor-element elementor-element-fb03ed1\" data-id=\"fb03ed1\" data-element_type=\"column\">\n\t\t\t<div class=\"elementor-widget-wrap elementor-element-populated\">\n\t\t\t\t\t\t\t\t<div class=\"elementor-element elementor-element-0c7d766 elementor-widget elementor-widget-text-editor\" data-id=\"0c7d766\" data-element_type=\"widget\" data-widget_type=\"text-editor.default\">\n\t\t\t\t<div class=\"elementor-widget-container\">\n\t\t\t<style>\/*! elementor - v3.17.0 - 08-11-2023 *\/\n.elementor-widget-text-editor.elementor-drop-cap-view-stacked .elementor-drop-cap{background-color:#69727d;color:#fff}.elementor-widget-text-editor.elementor-drop-cap-view-framed .elementor-drop-cap{color:#69727d;border:3px solid;background-color:transparent}.elementor-widget-text-editor:not(.elementor-drop-cap-view-default) .elementor-drop-cap{margin-top:8px}.elementor-widget-text-editor:not(.elementor-drop-cap-view-default) .elementor-drop-cap-letter{width:1em;height:1em}.elementor-widget-text-editor .elementor-drop-cap{float:left;text-align:center;line-height:1;font-size:50px}.elementor-widget-text-editor .elementor-drop-cap-letter{display:inline-block}<\/style>\t\t\t\t<iframe loading=\"lazy\" style=\"border: none; max-width: 100%; max-height: 100vh;\" src=\"https:\/\/forms.office.com\/Pages\/ResponsePage.aspx?id=hvr7OVL2bU2OF5suooio8eLum2GKji5Niaue4ZcqpB1UQk5NSVBCRklQQUVGN09DU1gwR09IR1VUSS4u&amp;embed=true\" width=\"640px\" height=\"480px\" frameborder=\"0\" marginwidth=\"0\" marginheight=\"0\" allowfullscreen=\"allowfullscreen\"> <\/iframe>\t\t\t\t\t\t<\/div>\n\t\t\t\t<\/div>\n\t\t\t\t\t<\/div>\n\t\t<\/div>\n\t\t\t\t\t\t\t<\/div>\n\t\t<\/section>\n\t\t\t\t<section class=\"elementor-section elementor-top-section elementor-element elementor-element-9b6bb74 elementor-section-boxed elementor-section-height-default elementor-section-height-default\" data-id=\"9b6bb74\" data-element_type=\"section\">\n\t\t\t\t\t\t<div class=\"elementor-container elementor-column-gap-default\">\n\t\t\t\t\t<div class=\"elementor-column elementor-col-50 elementor-top-column elementor-element elementor-element-ea18413\" data-id=\"ea18413\" data-element_type=\"column\">\n\t\t\t<div class=\"elementor-widget-wrap elementor-element-populated\">\n\t\t\t\t\t\t\t\t<div class=\"elementor-element elementor-element-18318ed elementor-widget elementor-widget-text-editor\" data-id=\"18318ed\" data-element_type=\"widget\" data-widget_type=\"text-editor.default\">\n\t\t\t\t<div class=\"elementor-widget-container\">\n\t\t\t\t\t\t\t<div><p><strong>Comunidad Segura<\/strong>\u00a0es el programa de\u00a0<b>La Salle<\/b> que atiende situaciones de discriminaci\u00f3n, acoso y violencia. Mediante este buz\u00f3n podemos darle seguimiento a tu caso.<\/p><\/div><div><p>La informaci\u00f3n ser\u00e1 recibida de forma completamente\u00a0<b>confidencial<\/b>\u00a0y ser\u00e1 atendido directamente por los Comit\u00e9s de Preparatoria o Universidad de acuerdo al caso.<\/p><\/div>\t\t\t\t\t\t<\/div>\n\t\t\t\t<\/div>\n\t\t\t\t\t<\/div>\n\t\t<\/div>\n\t\t\t\t<div class=\"elementor-column elementor-col-50 elementor-top-column elementor-element elementor-element-ac2ad4b\" data-id=\"ac2ad4b\" data-element_type=\"column\">\n\t\t\t<div class=\"elementor-widget-wrap elementor-element-populated\">\n\t\t\t\t\t\t\t\t<div class=\"elementor-element elementor-element-e8652ab elementor-widget elementor-widget-text-editor\" data-id=\"e8652ab\" data-element_type=\"widget\" data-widget_type=\"text-editor.default\">\n\t\t\t\t<div class=\"elementor-widget-container\">\n\t\t\t\t\t\t\t<div><div><p>Para m\u00e1s informaci\u00f3n o aclaraci\u00f3n de dudas, puedes escribirnos a:\u00a0<a href=\"mailto:expresateuni.comunidadsegura@lasallecuernavaca.edu.mx\"><strong>expresateuni.comunidadsegura@lasallecuernavaca.edu.mx<\/strong><\/a>\u00a0\u00f3 a\u00a0<a href=\"mailto:expresateprepa.comunidadsegura@lasallecuernavaca.edu.mx\"><strong>expresateprepa.comunidadsegura@lasallecuernavaca.edu.mx<\/strong><\/a><\/p><\/div><\/div><p>\u00a0<\/p><div><p><b>\u201cLo que est\u00e1 unido permanece\u201d<br \/><\/b>INDIVISA MANENT<\/p><\/div>\t\t\t\t\t\t<\/div>\n\t\t\t\t<\/div>\n\t\t\t\t\t<\/div>\n\t\t<\/div>\n\t\t\t\t\t\t\t<\/div>\n\t\t<\/section>\n\t\t\t\t\t\t\t<\/div>\n\t\t","protected":false},"excerpt":{"rendered":"<p>Comunidad Segura\u00a0es el programa de\u00a0La Salle que atiende situaciones de discriminaci\u00f3n, acoso y violencia. Mediante este buz\u00f3n podemos darle seguimiento a tu caso. La informaci\u00f3n ser\u00e1 recibida de forma completamente\u00a0confidencial\u00a0y ser\u00e1 atendido directamente por los Comit\u00e9s de Preparatoria o Universidad de acuerdo al caso. Para m\u00e1s informaci\u00f3n o aclaraci\u00f3n de dudas, puedes escribirnos a:\u00a0expresateuni.comunidadsegura@lasallecuernavaca.edu.mx\u00a0\u00f3 a\u00a0expresateprepa.comunidadsegura@lasallecuernavaca.edu.mx [&hellip;]<\/p>\n","protected":false},"author":2,"featured_media":0,"parent":0,"menu_order":0,"comment_status":"closed","ping_status":"closed","template":"","meta":{"content-type":"","footnotes":""},"_links":{"self":[{"href":"https:\/\/www.lasallecuernavaca.edu.mx\/wp\/wp-json\/wp\/v2\/pages\/6406"}],"collection":[{"href":"https:\/\/www.lasallecuernavaca.edu.mx\/wp\/wp-json\/wp\/v2\/pages"}],"about":[{"href":"https:\/\/www.lasallecuernavaca.edu.mx\/wp\/wp-json\/wp\/v2\/types\/page"}],"author":[{"embeddable":true,"href":"https:\/\/www.lasallecuernavaca.edu.mx\/wp\/wp-json\/wp\/v2\/users\/2"}],"replies":[{"embeddable":true,"href":"https:\/\/www.lasallecuernavaca.edu.mx\/wp\/wp-json\/wp\/v2\/comments?post=6406"}],"version-history":[{"count":17,"href":"https:\/\/www.lasallecuernavaca.edu.mx\/wp\/wp-json\/wp\/v2\/pages\/6406\/revisions"}],"predecessor-version":[{"id":9276,"href":"https:\/\/www.lasallecuernavaca.edu.mx\/wp\/wp-json\/wp\/v2\/pages\/6406\/revisions\/9276"}],"wp:attachment":[{"href":"https:\/\/www.lasallecuernavaca.edu.mx\/wp\/wp-json\/wp\/v2\/media?parent=6406"}],"curies":[{"name":"wp","href":"https:\/\/api.w.org\/{rel}","templated":true}]}}