{"id":375,"date":"2017-01-09T14:42:16","date_gmt":"2017-01-09T20:42:16","guid":{"rendered":"http:\/\/www.lasallecuernavaca.edu.mx\/wp\/?page_id=375"},"modified":"2020-05-27T06:57:41","modified_gmt":"2020-05-27T12:57:41","slug":"becas","status":"publish","type":"page","link":"https:\/\/www.lasallecuernavaca.edu.mx\/wp\/becas\/","title":{"rendered":"Becas"},"content":{"rendered":"<p>[vc_row][vc_column width=&#8221;1\/3&#8243;][\/vc_column][vc_column width=&#8221;2\/3&#8243;][vc_single_image image=&#8221;859&#8243; img_size=&#8221;full&#8221; alignment=&#8221;center&#8221; css_animation=&#8221;appear&#8221;][vc_column_text]<\/p>\n<p style=\"text-align: justify\">La <strong>Universidad La Salle&nbsp;Cuernavaca<\/strong> cuenta con un programa de becas y cr\u00e9dito educativo que permite que los alumnos puedan continuar con sus estudios acad\u00e9micos.<\/p>\n<p style=\"text-align: justify\">Las becas y el porcentaje otorgado por el <strong>Comit\u00e9 de Becas<\/strong> son de acuerdo a la situaci\u00f3n particular de cada solicitante y a la disponibilidad de recursos por parte de la instituci\u00f3n.<\/p>\n<p>[\/vc_column_text][vc_empty_space][mk_contact_info title=&#8221;Contacto&#8221; phone=&#8221;(777) 311 5525 ext. 402&#8243; email=&#8221;promocion03@lasallecuernavaca.edu.mx&#8221; company=&#8221;Coordinaci\u00f3n de Becas&#8221;][vc_column_text]<\/p>\n<p class=\"txtGral\" style=\"text-align: left\" align=\"center\"><strong>Horario: de Lunes a Viernes de 9:00 a 14:00 hrs&nbsp;\/ 16:30 a 19:00 hrs<\/strong><\/p>\n<p>[\/vc_column_text][vc_empty_space height=&#8221;52px&#8221;][\/vc_column][\/vc_row][vc_row][vc_column][vc_text_separator title=&#8221;Seleccione la opci\u00f3n deseada:&#8221; title_align=&#8221;separator_align_right&#8221;][\/vc_column][\/vc_row][vc_row][vc_column width=&#8221;1\/3&#8243;][\/vc_column][vc_column width=&#8221;1\/3&#8243;][vc_column_text]<\/p>\n<ul>\n<li style=\"text-align: left\"><strong><a title=\"Solicitud de Beca\" href=\"https:\/\/www.lasallecuernavaca.edu.mx\/wp\/?page_id=80\">Solicitud de Beca<\/a><\/strong><\/li>\n<li><strong><a href=\"https:\/\/www.lasallecuernavaca.edu.mx\/wp\/?page_id=88\">Beneficiados<\/a><\/strong><\/li>\n<li style=\"text-align: left\"><strong><a href=\"https:\/\/www.lasallecuernavaca.edu.mx\/wp\/?page_id=92\">Talento<\/a><\/strong><\/li>\n<\/ul>\n<p>[\/vc_column_text][\/vc_column][vc_column width=&#8221;1\/3&#8243;][vc_column_text]<\/p>\n<ul>\n<li style=\"text-align: left\"><strong><a href=\"https:\/\/www.lasallecuernavaca.edu.mx\/wp\/?page_id=84\">Sistema de Renovaci\u00f3n de Beca<\/a><\/strong><\/li>\n<li style=\"text-align: left\"><strong><a href=\"https:\/\/www.lasallecuernavaca.edu.mx\/wp\/?page_id=86\">Resultados de Renovaci\u00f3n<\/a><\/strong><\/li>\n<li style=\"text-align: left\"><strong><a href=\"https:\/\/www.lasallecuernavaca.edu.mx\/wp\/?page_id=96\">Sistema de Servicio Becario<\/a><\/strong><\/li>\n<\/ul>\n<p>[\/vc_column_text][\/vc_column][\/vc_row][vc_row][vc_column][vc_empty_space height=&#8221;52px&#8221;][vc_text_separator title=&#8221;Descargar:&#8221; title_align=&#8221;separator_align_right&#8221;][\/vc_column][\/vc_row][vc_row][vc_column width=&#8221;1\/3&#8243;][\/vc_column][vc_column width=&#8221;2\/3&#8243;][vc_column_text]<\/p>\n<ul>\n<li style=\"text-align: left\"><strong><a href=\"http:\/\/www.ulsac.edu.mx\/Becas%20nueva%20versi%C3%B3n\/Downforms%202016\/REGLAMENTO%20BECAS2016.pdf\" target=\"_blank\" rel=\"noopener noreferrer\">Reglamento de Becas 2017<\/a><\/strong><\/li>\n<\/ul>\n<p>[\/vc_column_text][\/vc_column][\/vc_row]<\/p>\n","protected":false},"excerpt":{"rendered":"<p>[vc_row][vc_column width=&#8221;1\/3&#8243;][\/vc_column][vc_column width=&#8221;2\/3&#8243;][vc_single_image image=&#8221;859&#8243; img_size=&#8221;full&#8221; alignment=&#8221;center&#8221; css_animation=&#8221;appear&#8221;][vc_column_text] La Universidad La Salle&nbsp;Cuernavaca cuenta con un programa de becas y cr\u00e9dito educativo que permite que los alumnos puedan continuar con sus estudios acad\u00e9micos. Las becas y el porcentaje otorgado por el Comit\u00e9 de Becas son de acuerdo a la situaci\u00f3n particular de cada solicitante y a la [&hellip;]<\/p>\n","protected":false},"author":1,"featured_media":0,"parent":0,"menu_order":0,"comment_status":"closed","ping_status":"closed","template":"","meta":{"content-type":"","footnotes":""},"_links":{"self":[{"href":"https:\/\/www.lasallecuernavaca.edu.mx\/wp\/wp-json\/wp\/v2\/pages\/375"}],"collection":[{"href":"https:\/\/www.lasallecuernavaca.edu.mx\/wp\/wp-json\/wp\/v2\/pages"}],"about":[{"href":"https:\/\/www.lasallecuernavaca.edu.mx\/wp\/wp-json\/wp\/v2\/types\/page"}],"author":[{"embeddable":true,"href":"https:\/\/www.lasallecuernavaca.edu.mx\/wp\/wp-json\/wp\/v2\/users\/1"}],"replies":[{"embeddable":true,"href":"https:\/\/www.lasallecuernavaca.edu.mx\/wp\/wp-json\/wp\/v2\/comments?post=375"}],"version-history":[{"count":39,"href":"https:\/\/www.lasallecuernavaca.edu.mx\/wp\/wp-json\/wp\/v2\/pages\/375\/revisions"}],"predecessor-version":[{"id":6845,"href":"https:\/\/www.lasallecuernavaca.edu.mx\/wp\/wp-json\/wp\/v2\/pages\/375\/revisions\/6845"}],"wp:attachment":[{"href":"https:\/\/www.lasallecuernavaca.edu.mx\/wp\/wp-json\/wp\/v2\/media?parent=375"}],"curies":[{"name":"wp","href":"https:\/\/api.w.org\/{rel}","templated":true}]}}