{"id":3094,"date":"2018-04-27T10:54:33","date_gmt":"2018-04-27T16:54:33","guid":{"rendered":"http:\/\/www.lasallecuernavaca.edu.mx\/wp\/?page_id=3094"},"modified":"2024-05-13T12:17:03","modified_gmt":"2024-05-13T18:17:03","slug":"lectura-derecho-todos","status":"publish","type":"page","link":"https:\/\/www.lasallecuernavaca.edu.mx\/wp\/vida-estudiantil\/lectura-derecho-todos\/","title":{"rendered":"Lectura, derecho para todos"},"content":{"rendered":"\t\t<div data-elementor-type=\"wp-page\" data-elementor-id=\"3094\" class=\"elementor elementor-3094\">\n\t\t\t\t\t\t\t\t\t<section class=\"elementor-section elementor-top-section elementor-element elementor-element-c35705f elementor-section-stretched elementor-section-boxed elementor-section-height-default elementor-section-height-default\" data-id=\"c35705f\" data-element_type=\"section\" data-settings=\"{&quot;stretch_section&quot;:&quot;section-stretched&quot;}\">\n\t\t\t\t\t\t<div class=\"elementor-container elementor-column-gap-no\">\n\t\t\t\t\t<div class=\"elementor-column elementor-col-100 elementor-top-column elementor-element elementor-element-63077b9\" data-id=\"63077b9\" data-element_type=\"column\">\n\t\t\t<div class=\"elementor-widget-wrap elementor-element-populated\">\n\t\t\t\t\t\t\t\t<div class=\"elementor-element elementor-element-a30e8e0 elementor-widget elementor-widget-image\" data-id=\"a30e8e0\" data-element_type=\"widget\" data-widget_type=\"image.default\">\n\t\t\t\t<div class=\"elementor-widget-container\">\n\t\t\t<style>\/*! elementor - v3.17.0 - 08-11-2023 *\/\n.elementor-widget-image{text-align:center}.elementor-widget-image a{display:inline-block}.elementor-widget-image a img[src$=\".svg\"]{width:48px}.elementor-widget-image img{vertical-align:middle;display:inline-block}<\/style>\t\t\t\t\t\t\t\t\t\t\t\t<img loading=\"lazy\" decoding=\"async\" width=\"1760\" height=\"600\" src=\"https:\/\/www.lasallecuernavaca.edu.mx\/wp\/wp-content\/uploads\/2017\/01\/header-lasalle-loyola.jpg\" class=\"attachment-full size-full wp-image-693\" alt=\"\" srcset=\"https:\/\/www.lasallecuernavaca.edu.mx\/wp\/wp-content\/uploads\/2017\/01\/header-lasalle-loyola.jpg 1760w, https:\/\/www.lasallecuernavaca.edu.mx\/wp\/wp-content\/uploads\/2017\/01\/header-lasalle-loyola-300x102.jpg 300w, https:\/\/www.lasallecuernavaca.edu.mx\/wp\/wp-content\/uploads\/2017\/01\/header-lasalle-loyola-768x262.jpg 768w, https:\/\/www.lasallecuernavaca.edu.mx\/wp\/wp-content\/uploads\/2017\/01\/header-lasalle-loyola-1024x349.jpg 1024w, https:\/\/www.lasallecuernavaca.edu.mx\/wp\/wp-content\/uploads\/2017\/01\/header-lasalle-loyola-330x113.jpg 330w, https:\/\/www.lasallecuernavaca.edu.mx\/wp\/wp-content\/uploads\/2017\/01\/header-lasalle-loyola-736x251.jpg 736w, https:\/\/www.lasallecuernavaca.edu.mx\/wp\/wp-content\/uploads\/2017\/01\/header-lasalle-loyola-1280x436.jpg 1280w, https:\/\/www.lasallecuernavaca.edu.mx\/wp\/wp-content\/uploads\/2017\/01\/header-lasalle-loyola-414x141.jpg 414w\" sizes=\"(max-width: 1760px) 100vw, 1760px\" \/>\t\t\t\t\t\t\t\t\t\t\t\t\t\t\t<\/div>\n\t\t\t\t<\/div>\n\t\t\t\t\t<\/div>\n\t\t<\/div>\n\t\t\t\t\t\t\t<\/div>\n\t\t<\/section>\n\t\t\t\t<section class=\"elementor-section elementor-top-section elementor-element elementor-element-d3404fc elementor-section-boxed elementor-section-height-default elementor-section-height-default\" data-id=\"d3404fc\" data-element_type=\"section\">\n\t\t\t\t\t\t<div class=\"elementor-container elementor-column-gap-default\">\n\t\t\t\t\t<div class=\"elementor-column elementor-col-100 elementor-top-column elementor-element elementor-element-dded0c2\" data-id=\"dded0c2\" data-element_type=\"column\">\n\t\t\t<div class=\"elementor-widget-wrap elementor-element-populated\">\n\t\t\t\t\t\t\t\t<div class=\"elementor-element elementor-element-096b23e elementor-widget elementor-widget-text-editor\" data-id=\"096b23e\" data-element_type=\"widget\" data-widget_type=\"text-editor.default\">\n\t\t\t\t<div class=\"elementor-widget-container\">\n\t\t\t<style>\/*! elementor - v3.17.0 - 08-11-2023 *\/\n.elementor-widget-text-editor.elementor-drop-cap-view-stacked .elementor-drop-cap{background-color:#69727d;color:#fff}.elementor-widget-text-editor.elementor-drop-cap-view-framed .elementor-drop-cap{color:#69727d;border:3px solid;background-color:transparent}.elementor-widget-text-editor:not(.elementor-drop-cap-view-default) .elementor-drop-cap{margin-top:8px}.elementor-widget-text-editor:not(.elementor-drop-cap-view-default) .elementor-drop-cap-letter{width:1em;height:1em}.elementor-widget-text-editor .elementor-drop-cap{float:left;text-align:center;line-height:1;font-size:50px}.elementor-widget-text-editor .elementor-drop-cap-letter{display:inline-block}<\/style>\t\t\t\t<h2>Lectura, derecho para todos<\/h2>\t\t\t\t\t\t<\/div>\n\t\t\t\t<\/div>\n\t\t\t\t\t<\/div>\n\t\t<\/div>\n\t\t\t\t\t\t\t<\/div>\n\t\t<\/section>\n\t\t\t\t<section class=\"elementor-section elementor-top-section elementor-element elementor-element-36d60c5 elementor-section-boxed elementor-section-height-default elementor-section-height-default\" data-id=\"36d60c5\" data-element_type=\"section\">\n\t\t\t\t\t\t<div class=\"elementor-container elementor-column-gap-default\">\n\t\t\t\t\t<div class=\"elementor-column elementor-col-66 elementor-top-column elementor-element elementor-element-31f1624\" data-id=\"31f1624\" data-element_type=\"column\">\n\t\t\t<div class=\"elementor-widget-wrap elementor-element-populated\">\n\t\t\t\t\t\t\t\t<div class=\"elementor-element elementor-element-abc7ef1 elementor-widget elementor-widget-text-editor\" data-id=\"abc7ef1\" data-element_type=\"widget\" data-widget_type=\"text-editor.default\">\n\t\t\t\t<div class=\"elementor-widget-container\">\n\t\t\t\t\t\t\t<div><h4>Objetivo General<\/h4><\/div><div><div><p>Involucrar a la comunidad a trav\u00e9s de la reflexi\u00f3n y el di\u00e1logo que se establecen a partir del h\u00e1bito de la lectura.<\/p><\/div><\/div><div>\u00a0<\/div><div><h4>Objetivo Espec\u00edfico<\/h4><\/div><div><div><p>A partir del fomento de la lectura se pretende\u00a0 generar espacios de interacci\u00f3n entre la comunidad universitaria y la externa, propiciando la conciencia solidaria y la comunicaci\u00f3n reflexiva y sociable, y el di\u00e1logo intergeneracional<\/p><\/div><\/div>\t\t\t\t\t\t<\/div>\n\t\t\t\t<\/div>\n\t\t\t\t<div class=\"elementor-element elementor-element-3da5b0e elementor-widget elementor-widget-image\" data-id=\"3da5b0e\" data-element_type=\"widget\" data-widget_type=\"image.default\">\n\t\t\t\t<div class=\"elementor-widget-container\">\n\t\t\t\t\t\t\t\t\t\t\t\t\t\t\t<img loading=\"lazy\" decoding=\"async\" width=\"960\" height=\"540\" src=\"https:\/\/www.lasallecuernavaca.edu.mx\/wp\/wp-content\/uploads\/2016\/12\/Misiones6.jpeg\" class=\"attachment-full size-full wp-image-1487\" alt=\"\" srcset=\"https:\/\/www.lasallecuernavaca.edu.mx\/wp\/wp-content\/uploads\/2016\/12\/Misiones6.jpeg 960w, https:\/\/www.lasallecuernavaca.edu.mx\/wp\/wp-content\/uploads\/2016\/12\/Misiones6-300x169.jpeg 300w, https:\/\/www.lasallecuernavaca.edu.mx\/wp\/wp-content\/uploads\/2016\/12\/Misiones6-768x432.jpeg 768w, https:\/\/www.lasallecuernavaca.edu.mx\/wp\/wp-content\/uploads\/2016\/12\/Misiones6-330x186.jpeg 330w, https:\/\/www.lasallecuernavaca.edu.mx\/wp\/wp-content\/uploads\/2016\/12\/Misiones6-736x414.jpeg 736w, https:\/\/www.lasallecuernavaca.edu.mx\/wp\/wp-content\/uploads\/2016\/12\/Misiones6-414x233.jpeg 414w\" sizes=\"(max-width: 960px) 100vw, 960px\" \/>\t\t\t\t\t\t\t\t\t\t\t\t\t\t\t<\/div>\n\t\t\t\t<\/div>\n\t\t\t\t\t<\/div>\n\t\t<\/div>\n\t\t\t\t<div class=\"elementor-column elementor-col-33 elementor-top-column elementor-element elementor-element-438b790\" data-id=\"438b790\" data-element_type=\"column\">\n\t\t\t<div class=\"elementor-widget-wrap elementor-element-populated\">\n\t\t\t\t\t\t\t\t<div class=\"elementor-element elementor-element-50cf3fe elementor-widget elementor-widget-text-editor\" data-id=\"50cf3fe\" data-element_type=\"widget\" data-widget_type=\"text-editor.default\">\n\t\t\t\t<div class=\"elementor-widget-container\">\n\t\t\t\t\t\t\t<h4>Contacto<\/h4><p>LCC. Nelsy Cuevas Navarro<br \/>Responsable de Proyecto<br \/>(777) 3115525 ext. 452<br \/><a href=\"mailto:proyectos.humanidades@lasallecuernavaca.edu.mx\">proyectos.humanidades<br \/>@lasallecuernavaca.edu.mx<\/a><\/p>\t\t\t\t\t\t<\/div>\n\t\t\t\t<\/div>\n\t\t\t\t\t<\/div>\n\t\t<\/div>\n\t\t\t\t\t\t\t<\/div>\n\t\t<\/section>\n\t\t\t\t<section class=\"elementor-section elementor-top-section elementor-element elementor-element-8176a0f elementor-section-stretched elementor-section-boxed elementor-section-height-default elementor-section-height-default\" data-id=\"8176a0f\" data-element_type=\"section\" data-settings=\"{&quot;stretch_section&quot;:&quot;section-stretched&quot;,&quot;background_background&quot;:&quot;classic&quot;}\" data-e-bg-lazyload=\".elementor-background-overlay\">\n\t\t\t\t\t\t\t<div class=\"elementor-background-overlay\"><\/div>\n\t\t\t\t\t\t\t<div class=\"elementor-container elementor-column-gap-no\">\n\t\t\t\t\t<div class=\"elementor-column elementor-col-100 elementor-top-column elementor-element elementor-element-8d3065c\" data-id=\"8d3065c\" data-element_type=\"column\">\n\t\t\t<div class=\"elementor-widget-wrap elementor-element-populated\">\n\t\t\t\t\t\t\t\t<section class=\"elementor-section elementor-inner-section elementor-element elementor-element-89f1591 elementor-section-boxed elementor-section-height-default elementor-section-height-default\" data-id=\"89f1591\" data-element_type=\"section\">\n\t\t\t\t\t\t<div class=\"elementor-container elementor-column-gap-default\">\n\t\t\t\t\t<div class=\"elementor-column elementor-col-50 elementor-inner-column elementor-element elementor-element-d20634e\" data-id=\"d20634e\" data-element_type=\"column\">\n\t\t\t<div class=\"elementor-widget-wrap elementor-element-populated\">\n\t\t\t\t\t\t\t\t<div class=\"elementor-element elementor-element-f8e2431 elementor-widget elementor-widget-text-editor\" data-id=\"f8e2431\" data-element_type=\"widget\" data-widget_type=\"text-editor.default\">\n\t\t\t\t<div class=\"elementor-widget-container\">\n\t\t\t\t\t\t\t<h2><span style=\"color: #ffffff;\">Conoce m\u00e1s<br>proyectos sociales<br>de la Coordinaci\u00f3n <br>de Humanidades y Acci\u00f3n Social<\/span><\/h2>\t\t\t\t\t\t<\/div>\n\t\t\t\t<\/div>\n\t\t\t\t\t<\/div>\n\t\t<\/div>\n\t\t\t\t<div class=\"elementor-column elementor-col-50 elementor-inner-column elementor-element elementor-element-106b4dd\" data-id=\"106b4dd\" data-element_type=\"column\">\n\t\t\t<div class=\"elementor-widget-wrap\">\n\t\t\t\t\t\t\t\t\t<\/div>\n\t\t<\/div>\n\t\t\t\t\t\t\t<\/div>\n\t\t<\/section>\n\t\t\t\t\t<\/div>\n\t\t<\/div>\n\t\t\t\t\t\t\t<\/div>\n\t\t<\/section>\n\t\t\t\t\t\t\t<\/div>\n\t\t","protected":false},"excerpt":{"rendered":"<p>Lectura, derecho para todos Objetivo General Involucrar a la comunidad a trav\u00e9s de la reflexi\u00f3n y el di\u00e1logo que se establecen a partir del h\u00e1bito de la lectura. \u00a0 Objetivo Espec\u00edfico A partir del fomento de la lectura se pretende\u00a0 generar espacios de interacci\u00f3n entre la comunidad universitaria y la externa, propiciando la conciencia solidaria [&hellip;]<\/p>\n","protected":false},"author":2,"featured_media":0,"parent":952,"menu_order":0,"comment_status":"closed","ping_status":"closed","template":"","meta":{"content-type":"","footnotes":""},"_links":{"self":[{"href":"https:\/\/www.lasallecuernavaca.edu.mx\/wp\/wp-json\/wp\/v2\/pages\/3094"}],"collection":[{"href":"https:\/\/www.lasallecuernavaca.edu.mx\/wp\/wp-json\/wp\/v2\/pages"}],"about":[{"href":"https:\/\/www.lasallecuernavaca.edu.mx\/wp\/wp-json\/wp\/v2\/types\/page"}],"author":[{"embeddable":true,"href":"https:\/\/www.lasallecuernavaca.edu.mx\/wp\/wp-json\/wp\/v2\/users\/2"}],"replies":[{"embeddable":true,"href":"https:\/\/www.lasallecuernavaca.edu.mx\/wp\/wp-json\/wp\/v2\/comments?post=3094"}],"version-history":[{"count":30,"href":"https:\/\/www.lasallecuernavaca.edu.mx\/wp\/wp-json\/wp\/v2\/pages\/3094\/revisions"}],"predecessor-version":[{"id":15486,"href":"https:\/\/www.lasallecuernavaca.edu.mx\/wp\/wp-json\/wp\/v2\/pages\/3094\/revisions\/15486"}],"up":[{"embeddable":true,"href":"https:\/\/www.lasallecuernavaca.edu.mx\/wp\/wp-json\/wp\/v2\/pages\/952"}],"wp:attachment":[{"href":"https:\/\/www.lasallecuernavaca.edu.mx\/wp\/wp-json\/wp\/v2\/media?parent=3094"}],"curies":[{"name":"wp","href":"https:\/\/api.w.org\/{rel}","templated":true}]}}