{"id":138,"date":"2016-12-01T23:14:59","date_gmt":"2016-12-01T23:14:59","guid":{"rendered":"http:\/\/localhost\/wordpress\/?page_id=138"},"modified":"2025-02-19T11:27:34","modified_gmt":"2025-02-19T17:27:34","slug":"mision","status":"publish","type":"page","link":"https:\/\/www.lasallecuernavaca.edu.mx\/wp\/de-la-salle\/mision\/","title":{"rendered":"Misi\u00f3n y Visi\u00f3n"},"content":{"rendered":"\t\t<div data-elementor-type=\"wp-page\" data-elementor-id=\"138\" class=\"elementor elementor-138\">\n\t\t\t\t\t\t\t\t\t<section class=\"elementor-section elementor-top-section elementor-element elementor-element-3424e0f elementor-section-boxed elementor-section-height-default elementor-section-height-default\" data-id=\"3424e0f\" data-element_type=\"section\">\n\t\t\t\t\t\t<div class=\"elementor-container elementor-column-gap-default\">\n\t\t\t\t\t<div class=\"elementor-column elementor-col-100 elementor-top-column elementor-element elementor-element-f53c0f6\" data-id=\"f53c0f6\" data-element_type=\"column\">\n\t\t\t<div class=\"elementor-widget-wrap elementor-element-populated\">\n\t\t\t\t\t\t\t\t<div class=\"elementor-element elementor-element-6cc078f elementor-widget elementor-widget-image\" data-id=\"6cc078f\" data-element_type=\"widget\" data-widget_type=\"image.default\">\n\t\t\t\t<div class=\"elementor-widget-container\">\n\t\t\t<style>\/*! elementor - v3.17.0 - 08-11-2023 *\/\n.elementor-widget-image{text-align:center}.elementor-widget-image a{display:inline-block}.elementor-widget-image a img[src$=\".svg\"]{width:48px}.elementor-widget-image img{vertical-align:middle;display:inline-block}<\/style>\t\t\t\t\t\t\t\t\t\t\t\t<img loading=\"lazy\" decoding=\"async\" width=\"1760\" height=\"600\" src=\"https:\/\/www.lasallecuernavaca.edu.mx\/wp\/wp-content\/uploads\/2017\/01\/header-lasalle-loyola.jpg\" class=\"attachment-full size-full wp-image-693\" alt=\"\" srcset=\"https:\/\/www.lasallecuernavaca.edu.mx\/wp\/wp-content\/uploads\/2017\/01\/header-lasalle-loyola.jpg 1760w, https:\/\/www.lasallecuernavaca.edu.mx\/wp\/wp-content\/uploads\/2017\/01\/header-lasalle-loyola-300x102.jpg 300w, https:\/\/www.lasallecuernavaca.edu.mx\/wp\/wp-content\/uploads\/2017\/01\/header-lasalle-loyola-768x262.jpg 768w, https:\/\/www.lasallecuernavaca.edu.mx\/wp\/wp-content\/uploads\/2017\/01\/header-lasalle-loyola-1024x349.jpg 1024w, https:\/\/www.lasallecuernavaca.edu.mx\/wp\/wp-content\/uploads\/2017\/01\/header-lasalle-loyola-330x113.jpg 330w, https:\/\/www.lasallecuernavaca.edu.mx\/wp\/wp-content\/uploads\/2017\/01\/header-lasalle-loyola-736x251.jpg 736w, https:\/\/www.lasallecuernavaca.edu.mx\/wp\/wp-content\/uploads\/2017\/01\/header-lasalle-loyola-1280x436.jpg 1280w, https:\/\/www.lasallecuernavaca.edu.mx\/wp\/wp-content\/uploads\/2017\/01\/header-lasalle-loyola-414x141.jpg 414w\" sizes=\"(max-width: 1760px) 100vw, 1760px\" \/>\t\t\t\t\t\t\t\t\t\t\t\t\t\t\t<\/div>\n\t\t\t\t<\/div>\n\t\t\t\t\t<\/div>\n\t\t<\/div>\n\t\t\t\t\t\t\t<\/div>\n\t\t<\/section>\n\t\t\t\t<section class=\"elementor-section elementor-top-section elementor-element elementor-element-6593ce9 elementor-section-boxed elementor-section-height-default elementor-section-height-default\" data-id=\"6593ce9\" data-element_type=\"section\">\n\t\t\t\t\t\t<div class=\"elementor-container elementor-column-gap-default\">\n\t\t\t\t\t<div class=\"elementor-column elementor-col-100 elementor-top-column elementor-element elementor-element-2c9d2fd\" data-id=\"2c9d2fd\" data-element_type=\"column\">\n\t\t\t<div class=\"elementor-widget-wrap elementor-element-populated\">\n\t\t\t\t\t\t\t\t<section class=\"elementor-section elementor-inner-section elementor-element elementor-element-83853a8 elementor-section-content-top elementor-section-boxed elementor-section-height-default elementor-section-height-default\" data-id=\"83853a8\" data-element_type=\"section\">\n\t\t\t\t\t\t<div class=\"elementor-container elementor-column-gap-default\">\n\t\t\t\t\t<div class=\"elementor-column elementor-col-100 elementor-inner-column elementor-element elementor-element-e637626\" data-id=\"e637626\" data-element_type=\"column\">\n\t\t\t<div class=\"elementor-widget-wrap elementor-element-populated\">\n\t\t\t\t\t\t\t\t<div class=\"elementor-element elementor-element-d9bb8d3 elementor-widget elementor-widget-text-editor\" data-id=\"d9bb8d3\" data-element_type=\"widget\" data-widget_type=\"text-editor.default\">\n\t\t\t\t<div class=\"elementor-widget-container\">\n\t\t\t<style>\/*! elementor - v3.17.0 - 08-11-2023 *\/\n.elementor-widget-text-editor.elementor-drop-cap-view-stacked .elementor-drop-cap{background-color:#69727d;color:#fff}.elementor-widget-text-editor.elementor-drop-cap-view-framed .elementor-drop-cap{color:#69727d;border:3px solid;background-color:transparent}.elementor-widget-text-editor:not(.elementor-drop-cap-view-default) .elementor-drop-cap{margin-top:8px}.elementor-widget-text-editor:not(.elementor-drop-cap-view-default) .elementor-drop-cap-letter{width:1em;height:1em}.elementor-widget-text-editor .elementor-drop-cap{float:left;text-align:center;line-height:1;font-size:50px}.elementor-widget-text-editor .elementor-drop-cap-letter{display:inline-block}<\/style>\t\t\t\t<h1>Misi\u00f3n<\/h1>\n<p><i>&#8220;La <\/i><i>Universidad La Salle Cuernavaca es una instituci\u00f3n de educaci\u00f3n superior de <\/i><i>inspiraci\u00f3n humanista <\/i><i>cristiana comprometida con el cambio social, tiene referencia e <\/i><i>impacto internacional<\/i><i>.&nbsp;<\/i><i style=\"color: var( --e-global-color-text ); font-weight: var( --e-global-typography-text-font-weight );\">Promueve la formaci\u00f3n y el desarrollo integral de sus estudiantes&nbsp;<\/i><i style=\"color: var( --e-global-color-text ); font-weight: var( --e-global-typography-text-font-weight );\">por medio&nbsp;<\/i><i style=\"color: var( --e-global-color-text ); font-weight: var( --e-global-typography-text-font-weight );\">de programas acad\u00e9micos innovadores y multidisciplinarios, que&nbsp;<\/i><i style=\"color: var( --e-global-color-text ); font-weight: var( --e-global-typography-text-font-weight );\">desarrollan, consolidan&nbsp;<\/i><i style=\"color: var( --e-global-color-text ); font-weight: var( --e-global-typography-text-font-weight );\">y vinculan las funciones universitarias de docencia, investigaci\u00f3n&nbsp;<\/i><i style=\"color: var( --e-global-color-text ); font-weight: var( --e-global-typography-text-font-weight );\">y extensi\u00f3n<\/i><i style=\"color: var( --e-global-color-text ); font-weight: var( --e-global-typography-text-font-weight );\">, bajo una eficiente gobernanza y soporte&nbsp;<\/i><i style=\"color: var( --e-global-color-text ); font-weight: var( --e-global-typography-text-font-weight );\">administrativo<\/i><span style=\"color: var( --e-global-color-text ); font-weight: var( --e-global-typography-text-font-weight );\">\u201d.<\/span><\/p>\t\t\t\t\t\t<\/div>\n\t\t\t\t<\/div>\n\t\t\t\t\t<\/div>\n\t\t<\/div>\n\t\t\t\t\t\t\t<\/div>\n\t\t<\/section>\n\t\t\t\t\t<\/div>\n\t\t<\/div>\n\t\t\t\t\t\t\t<\/div>\n\t\t<\/section>\n\t\t<div class=\"elementor-element elementor-element-ce8376b e-flex e-con-boxed e-con e-parent\" data-id=\"ce8376b\" data-element_type=\"container\" data-settings=\"{&quot;content_width&quot;:&quot;boxed&quot;}\" data-core-v316-plus=\"true\">\n\t\t\t\t\t<div class=\"e-con-inner\">\n\t\t\t\t<div class=\"elementor-element elementor-element-93f5b65 elementor-widget elementor-widget-heading\" data-id=\"93f5b65\" data-element_type=\"widget\" data-widget_type=\"heading.default\">\n\t\t\t\t<div class=\"elementor-widget-container\">\n\t\t\t<style>\/*! elementor - v3.17.0 - 08-11-2023 *\/\n.elementor-heading-title{padding:0;margin:0;line-height:1}.elementor-widget-heading .elementor-heading-title[class*=elementor-size-]>a{color:inherit;font-size:inherit;line-height:inherit}.elementor-widget-heading .elementor-heading-title.elementor-size-small{font-size:15px}.elementor-widget-heading .elementor-heading-title.elementor-size-medium{font-size:19px}.elementor-widget-heading .elementor-heading-title.elementor-size-large{font-size:29px}.elementor-widget-heading .elementor-heading-title.elementor-size-xl{font-size:39px}.elementor-widget-heading .elementor-heading-title.elementor-size-xxl{font-size:59px}<\/style><h2 class=\"elementor-heading-title elementor-size-default\"><h1 style=\"white-space-collapse: collapse;\">Valores<\/h1><\/h2>\t\t<\/div>\n\t\t\t\t<\/div>\n\t\t\t\t\t<\/div>\n\t\t\t\t<\/div>\n\t\t<div class=\"elementor-element elementor-element-9723282 e-flex e-con-boxed e-con e-parent\" data-id=\"9723282\" data-element_type=\"container\" data-settings=\"{&quot;content_width&quot;:&quot;boxed&quot;}\" data-core-v316-plus=\"true\">\n\t\t\t\t\t<div class=\"e-con-inner\">\n\t\t<div class=\"elementor-element elementor-element-8731c8e e-con-full e-flex e-con e-child\" data-id=\"8731c8e\" data-element_type=\"container\" data-settings=\"{&quot;content_width&quot;:&quot;full&quot;}\">\n\t\t\t\t<div class=\"elementor-element elementor-element-b185716 elementor-widget elementor-widget-image\" data-id=\"b185716\" data-element_type=\"widget\" data-widget_type=\"image.default\">\n\t\t\t\t<div class=\"elementor-widget-container\">\n\t\t\t\t\t\t\t\t\t\t\t\t\t\t\t<img loading=\"lazy\" decoding=\"async\" width=\"1024\" height=\"819\" src=\"https:\/\/www.lasallecuernavaca.edu.mx\/wp\/wp-content\/uploads\/2024\/11\/valores-1024x819.jpg\" class=\"attachment-large size-large wp-image-16733\" alt=\"\" srcset=\"https:\/\/www.lasallecuernavaca.edu.mx\/wp\/wp-content\/uploads\/2024\/11\/valores-1024x819.jpg 1024w, https:\/\/www.lasallecuernavaca.edu.mx\/wp\/wp-content\/uploads\/2024\/11\/valores-300x240.jpg 300w, https:\/\/www.lasallecuernavaca.edu.mx\/wp\/wp-content\/uploads\/2024\/11\/valores-768x614.jpg 768w, https:\/\/www.lasallecuernavaca.edu.mx\/wp\/wp-content\/uploads\/2024\/11\/valores-1536x1229.jpg 1536w, https:\/\/www.lasallecuernavaca.edu.mx\/wp\/wp-content\/uploads\/2024\/11\/valores-2048x1638.jpg 2048w\" sizes=\"(max-width: 1024px) 100vw, 1024px\" \/>\t\t\t\t\t\t\t\t\t\t\t\t\t\t\t<\/div>\n\t\t\t\t<\/div>\n\t\t\t\t<\/div>\n\t\t<div class=\"elementor-element elementor-element-b58ff74 e-con-full e-flex e-con e-child\" data-id=\"b58ff74\" data-element_type=\"container\" data-settings=\"{&quot;content_width&quot;:&quot;full&quot;}\">\n\t\t\t\t<div class=\"elementor-element elementor-element-9dd7a77 elementor-widget elementor-widget-text-editor\" data-id=\"9dd7a77\" data-element_type=\"widget\" data-widget_type=\"text-editor.default\">\n\t\t\t\t<div class=\"elementor-widget-container\">\n\t\t\t\t\t\t\t<p style=\"font-family: 'Open Sans', sans-serif; font-size: 16px; -webkit-font-smoothing: subpixel-antialiased; -webkit-text-stroke: 1px rgba(0, 0, 0, 0); color: #212529; text-align: justify;\"><i style=\"-webkit-text-stroke-width: 0px; font-weight: var( --e-global-typography-text-font-weight ); color: var( --e-global-color-text ); font-family: IndivisaP, Verdana, sans-serif; font-size: 17.6px; text-align: left;\"><br><\/i><\/p><p style=\"font-family: 'Open Sans', sans-serif; font-size: 16px; -webkit-font-smoothing: subpixel-antialiased; -webkit-text-stroke: 1px rgba(0, 0, 0, 0); color: #212529; text-align: justify;\"><i style=\"-webkit-text-stroke-width: 0px; font-weight: var( --e-global-typography-text-font-weight ); color: var( --e-global-color-text ); font-family: IndivisaP, Verdana, sans-serif; font-size: 17.6px; text-align: left;\">Los Hermanos de La Salle tienen como s\u00edmbolo la estrella de cinco puntas desiguales, la cual tiene como significado la luz y a su vez la vitalidad, la din\u00e1mica, la proyecci\u00f3n hacia el futuro y&nbsp; hacia la eternidad.<\/i><\/p>\n<p style=\"font-family: 'Open Sans', sans-serif; font-size: 16px; -webkit-font-smoothing: subpixel-antialiased; -webkit-text-stroke: 1px rgba(0, 0, 0, 0); color: #212529; text-align: justify;\"><i style=\"color: var( --e-global-color-text ); font-family: IndivisaP, Verdana, sans-serif; font-size: 17.6px; font-weight: var( --e-global-typography-text-font-weight ); text-align: left; -webkit-text-stroke-width: 0px;\">Nuestra filosof\u00eda se ha sintetizado en cinco valores correspondientes a cada una de las puntas de la estrella lasallista:<\/i><\/p>\t\t\t\t\t\t<\/div>\n\t\t\t\t<\/div>\n\t\t\t\t<\/div>\n\t\t\t\t\t<\/div>\n\t\t\t\t<\/div>\n\t\t\t\t<section class=\"elementor-section elementor-top-section elementor-element elementor-element-c3e1b7c elementor-section-boxed elementor-section-height-default elementor-section-height-default\" data-id=\"c3e1b7c\" data-element_type=\"section\">\n\t\t\t\t\t\t<div class=\"elementor-container elementor-column-gap-default\">\n\t\t\t\t\t<div class=\"elementor-column elementor-col-100 elementor-top-column elementor-element elementor-element-2a9763d\" data-id=\"2a9763d\" data-element_type=\"column\">\n\t\t\t<div class=\"elementor-widget-wrap elementor-element-populated\">\n\t\t\t\t\t\t\t\t<div class=\"elementor-element elementor-element-df7b49d elementor-widget-divider--view-line elementor-widget elementor-widget-divider\" data-id=\"df7b49d\" data-element_type=\"widget\" data-widget_type=\"divider.default\">\n\t\t\t\t<div class=\"elementor-widget-container\">\n\t\t\t<style>\/*! elementor - v3.17.0 - 08-11-2023 *\/\n.elementor-widget-divider{--divider-border-style:none;--divider-border-width:1px;--divider-color:#0c0d0e;--divider-icon-size:20px;--divider-element-spacing:10px;--divider-pattern-height:24px;--divider-pattern-size:20px;--divider-pattern-url:none;--divider-pattern-repeat:repeat-x}.elementor-widget-divider .elementor-divider{display:flex}.elementor-widget-divider .elementor-divider__text{font-size:15px;line-height:1;max-width:95%}.elementor-widget-divider .elementor-divider__element{margin:0 var(--divider-element-spacing);flex-shrink:0}.elementor-widget-divider .elementor-icon{font-size:var(--divider-icon-size)}.elementor-widget-divider .elementor-divider-separator{display:flex;margin:0;direction:ltr}.elementor-widget-divider--view-line_icon .elementor-divider-separator,.elementor-widget-divider--view-line_text .elementor-divider-separator{align-items:center}.elementor-widget-divider--view-line_icon .elementor-divider-separator:after,.elementor-widget-divider--view-line_icon .elementor-divider-separator:before,.elementor-widget-divider--view-line_text .elementor-divider-separator:after,.elementor-widget-divider--view-line_text .elementor-divider-separator:before{display:block;content:\"\";border-bottom:0;flex-grow:1;border-top:var(--divider-border-width) var(--divider-border-style) var(--divider-color)}.elementor-widget-divider--element-align-left .elementor-divider .elementor-divider-separator>.elementor-divider__svg:first-of-type{flex-grow:0;flex-shrink:100}.elementor-widget-divider--element-align-left .elementor-divider-separator:before{content:none}.elementor-widget-divider--element-align-left .elementor-divider__element{margin-left:0}.elementor-widget-divider--element-align-right .elementor-divider .elementor-divider-separator>.elementor-divider__svg:last-of-type{flex-grow:0;flex-shrink:100}.elementor-widget-divider--element-align-right .elementor-divider-separator:after{content:none}.elementor-widget-divider--element-align-right .elementor-divider__element{margin-right:0}.elementor-widget-divider:not(.elementor-widget-divider--view-line_text):not(.elementor-widget-divider--view-line_icon) .elementor-divider-separator{border-top:var(--divider-border-width) var(--divider-border-style) var(--divider-color)}.elementor-widget-divider--separator-type-pattern{--divider-border-style:none}.elementor-widget-divider--separator-type-pattern.elementor-widget-divider--view-line .elementor-divider-separator,.elementor-widget-divider--separator-type-pattern:not(.elementor-widget-divider--view-line) .elementor-divider-separator:after,.elementor-widget-divider--separator-type-pattern:not(.elementor-widget-divider--view-line) .elementor-divider-separator:before,.elementor-widget-divider--separator-type-pattern:not([class*=elementor-widget-divider--view]) .elementor-divider-separator{width:100%;min-height:var(--divider-pattern-height);-webkit-mask-size:var(--divider-pattern-size) 100%;mask-size:var(--divider-pattern-size) 100%;-webkit-mask-repeat:var(--divider-pattern-repeat);mask-repeat:var(--divider-pattern-repeat);background-color:var(--divider-color);-webkit-mask-image:var(--divider-pattern-url);mask-image:var(--divider-pattern-url)}.elementor-widget-divider--no-spacing{--divider-pattern-size:auto}.elementor-widget-divider--bg-round{--divider-pattern-repeat:round}.rtl .elementor-widget-divider .elementor-divider__text{direction:rtl}.e-con-inner>.elementor-widget-divider,.e-con>.elementor-widget-divider{width:var(--container-widget-width,100%);--flex-grow:var(--container-widget-flex-grow)}<\/style>\t\t<div class=\"elementor-divider\">\n\t\t\t<span class=\"elementor-divider-separator\">\n\t\t\t\t\t\t<\/span>\n\t\t<\/div>\n\t\t\t\t<\/div>\n\t\t\t\t<\/div>\n\t\t\t\t<section class=\"elementor-section elementor-inner-section elementor-element elementor-element-23d9374 elementor-section-content-top elementor-section-boxed elementor-section-height-default elementor-section-height-default\" data-id=\"23d9374\" data-element_type=\"section\">\n\t\t\t\t\t\t<div class=\"elementor-container elementor-column-gap-default\">\n\t\t\t\t\t<div class=\"elementor-column elementor-col-100 elementor-inner-column elementor-element elementor-element-bc4e4aa\" data-id=\"bc4e4aa\" data-element_type=\"column\">\n\t\t\t<div class=\"elementor-widget-wrap elementor-element-populated\">\n\t\t\t\t\t\t\t\t<div class=\"elementor-element elementor-element-df13418 elementor-hidden-phone elementor-widget elementor-widget-text-editor\" data-id=\"df13418\" data-element_type=\"widget\" data-widget_type=\"text-editor.default\">\n\t\t\t\t<div class=\"elementor-widget-container\">\n\t\t\t\t\t\t\t<h1>Visi\u00f3n<\/h1><p><em>&#8220;<\/em><i>Ser <\/i><i>la universidad reconocida por su calidad educativa, su prestigio en la formaci\u00f3n de profesionales innovadores y comprometidos con los valores de fe, <\/i><i>fraternidad, servicio, justicia y compromiso <\/i><i>para la transformaci\u00f3n social del Estado de Morelos, del pa\u00eds y del mundo con miras a construir un entorno sustentable, justo y <\/i><i>fraterno\u201d.<\/i><\/p>\t\t\t\t\t\t<\/div>\n\t\t\t\t<\/div>\n\t\t\t\t\t<\/div>\n\t\t<\/div>\n\t\t\t\t\t\t\t<\/div>\n\t\t<\/section>\n\t\t\t\t\t<\/div>\n\t\t<\/div>\n\t\t\t\t\t\t\t<\/div>\n\t\t<\/section>\n\t\t\t\t\t\t\t<\/div>\n\t\t","protected":false},"excerpt":{"rendered":"<p>Misi\u00f3n &#8220;La Universidad La Salle Cuernavaca es una instituci\u00f3n de educaci\u00f3n superior de inspiraci\u00f3n humanista cristiana comprometida con el cambio social, tiene referencia e impacto internacional.&nbsp;Promueve la formaci\u00f3n y el desarrollo integral de sus estudiantes&nbsp;por medio&nbsp;de programas acad\u00e9micos innovadores y multidisciplinarios, que&nbsp;desarrollan, consolidan&nbsp;y vinculan las funciones universitarias de docencia, investigaci\u00f3n&nbsp;y extensi\u00f3n, bajo una eficiente gobernanza [&hellip;]<\/p>\n","protected":false},"author":1,"featured_media":0,"parent":350,"menu_order":0,"comment_status":"closed","ping_status":"closed","template":"","meta":{"content-type":"","footnotes":""},"_links":{"self":[{"href":"https:\/\/www.lasallecuernavaca.edu.mx\/wp\/wp-json\/wp\/v2\/pages\/138"}],"collection":[{"href":"https:\/\/www.lasallecuernavaca.edu.mx\/wp\/wp-json\/wp\/v2\/pages"}],"about":[{"href":"https:\/\/www.lasallecuernavaca.edu.mx\/wp\/wp-json\/wp\/v2\/types\/page"}],"author":[{"embeddable":true,"href":"https:\/\/www.lasallecuernavaca.edu.mx\/wp\/wp-json\/wp\/v2\/users\/1"}],"replies":[{"embeddable":true,"href":"https:\/\/www.lasallecuernavaca.edu.mx\/wp\/wp-json\/wp\/v2\/comments?post=138"}],"version-history":[{"count":41,"href":"https:\/\/www.lasallecuernavaca.edu.mx\/wp\/wp-json\/wp\/v2\/pages\/138\/revisions"}],"predecessor-version":[{"id":17251,"href":"https:\/\/www.lasallecuernavaca.edu.mx\/wp\/wp-json\/wp\/v2\/pages\/138\/revisions\/17251"}],"up":[{"embeddable":true,"href":"https:\/\/www.lasallecuernavaca.edu.mx\/wp\/wp-json\/wp\/v2\/pages\/350"}],"wp:attachment":[{"href":"https:\/\/www.lasallecuernavaca.edu.mx\/wp\/wp-json\/wp\/v2\/media?parent=138"}],"curies":[{"name":"wp","href":"https:\/\/api.w.org\/{rel}","templated":true}]}}