{"id":1060,"date":"2017-07-05T16:20:09","date_gmt":"2017-07-05T22:20:09","guid":{"rendered":"http:\/\/www.lasallecuernavaca.edu.mx\/wp\/?page_id=1060"},"modified":"2026-05-06T09:32:51","modified_gmt":"2026-05-06T15:32:51","slug":"derecho","status":"publish","type":"page","link":"https:\/\/www.lasallecuernavaca.edu.mx\/wp\/escuela-de-derecho\/derecho\/","title":{"rendered":"Licenciatura en Derecho"},"content":{"rendered":"\t\t<div data-elementor-type=\"wp-page\" data-elementor-id=\"1060\" class=\"elementor elementor-1060\">\n\t\t\t\t\t\t\t\t\t<section class=\"elementor-section elementor-top-section elementor-element elementor-element-2412f18 elementor-section-stretched elementor-section-full_width elementor-section-height-default elementor-section-height-default\" data-id=\"2412f18\" data-element_type=\"section\" data-settings=\"{&quot;stretch_section&quot;:&quot;section-stretched&quot;,&quot;background_background&quot;:&quot;classic&quot;}\">\n\t\t\t\t\t\t<div class=\"elementor-container elementor-column-gap-no\">\n\t\t\t\t\t<div class=\"elementor-column elementor-col-100 elementor-top-column elementor-element elementor-element-6c3203f\" data-id=\"6c3203f\" data-element_type=\"column\">\n\t\t\t<div class=\"elementor-widget-wrap elementor-element-populated\">\n\t\t\t\t\t\t\t\t<div class=\"elementor-element elementor-element-018747b elementor-widget elementor-widget-image\" data-id=\"018747b\" data-element_type=\"widget\" data-widget_type=\"image.default\">\n\t\t\t\t<div class=\"elementor-widget-container\">\n\t\t\t<style>\/*! elementor - v3.17.0 - 08-11-2023 *\/\n.elementor-widget-image{text-align:center}.elementor-widget-image a{display:inline-block}.elementor-widget-image a img[src$=\".svg\"]{width:48px}.elementor-widget-image img{vertical-align:middle;display:inline-block}<\/style>\t\t\t\t\t\t\t\t\t\t\t\t<img loading=\"lazy\" decoding=\"async\" width=\"4167\" height=\"1632\" src=\"https:\/\/www.lasallecuernavaca.edu.mx\/wp\/wp-content\/uploads\/2025\/05\/Banners-web-Licenciaturas-SIN-LOGO-07.png\" class=\"attachment-full size-full wp-image-17979\" alt=\"\" srcset=\"https:\/\/www.lasallecuernavaca.edu.mx\/wp\/wp-content\/uploads\/2025\/05\/Banners-web-Licenciaturas-SIN-LOGO-07.png 4167w, https:\/\/www.lasallecuernavaca.edu.mx\/wp\/wp-content\/uploads\/2025\/05\/Banners-web-Licenciaturas-SIN-LOGO-07-300x117.png 300w, https:\/\/www.lasallecuernavaca.edu.mx\/wp\/wp-content\/uploads\/2025\/05\/Banners-web-Licenciaturas-SIN-LOGO-07-1024x401.png 1024w, https:\/\/www.lasallecuernavaca.edu.mx\/wp\/wp-content\/uploads\/2025\/05\/Banners-web-Licenciaturas-SIN-LOGO-07-768x301.png 768w, https:\/\/www.lasallecuernavaca.edu.mx\/wp\/wp-content\/uploads\/2025\/05\/Banners-web-Licenciaturas-SIN-LOGO-07-1536x602.png 1536w, https:\/\/www.lasallecuernavaca.edu.mx\/wp\/wp-content\/uploads\/2025\/05\/Banners-web-Licenciaturas-SIN-LOGO-07-2048x802.png 2048w\" sizes=\"(max-width: 4167px) 100vw, 4167px\" \/>\t\t\t\t\t\t\t\t\t\t\t\t\t\t\t<\/div>\n\t\t\t\t<\/div>\n\t\t\t\t\t<\/div>\n\t\t<\/div>\n\t\t\t\t\t\t\t<\/div>\n\t\t<\/section>\n\t\t\t\t<section class=\"elementor-section elementor-top-section elementor-element elementor-element-a112d46 elementor-section-boxed elementor-section-height-default elementor-section-height-default\" data-id=\"a112d46\" data-element_type=\"section\">\n\t\t\t\t\t\t<div class=\"elementor-container elementor-column-gap-default\">\n\t\t\t\t\t<div class=\"elementor-column elementor-col-100 elementor-top-column elementor-element elementor-element-6aa0776\" data-id=\"6aa0776\" data-element_type=\"column\">\n\t\t\t<div class=\"elementor-widget-wrap elementor-element-populated\">\n\t\t\t\t\t\t\t\t<div class=\"elementor-element elementor-element-b1c2128 elementor-widget elementor-widget-text-editor\" data-id=\"b1c2128\" data-element_type=\"widget\" data-widget_type=\"text-editor.default\">\n\t\t\t\t<div class=\"elementor-widget-container\">\n\t\t\t<style>\/*! elementor - v3.17.0 - 08-11-2023 *\/\n.elementor-widget-text-editor.elementor-drop-cap-view-stacked .elementor-drop-cap{background-color:#69727d;color:#fff}.elementor-widget-text-editor.elementor-drop-cap-view-framed .elementor-drop-cap{color:#69727d;border:3px solid;background-color:transparent}.elementor-widget-text-editor:not(.elementor-drop-cap-view-default) .elementor-drop-cap{margin-top:8px}.elementor-widget-text-editor:not(.elementor-drop-cap-view-default) .elementor-drop-cap-letter{width:1em;height:1em}.elementor-widget-text-editor .elementor-drop-cap{float:left;text-align:center;line-height:1;font-size:50px}.elementor-widget-text-editor .elementor-drop-cap-letter{display:inline-block}<\/style>\t\t\t\t<h2>Licenciatura en Derecho<\/h2>\n<p>R.V.O.E. 952109 de fecha 16-05-95. Actualizado en 2015<\/p>\t\t\t\t\t\t<\/div>\n\t\t\t\t<\/div>\n\t\t\t\t\t<\/div>\n\t\t<\/div>\n\t\t\t\t\t\t\t<\/div>\n\t\t<\/section>\n\t\t\t\t<section class=\"elementor-section elementor-top-section elementor-element elementor-element-6a0bdbad elementor-section-boxed elementor-section-height-default elementor-section-height-default\" data-id=\"6a0bdbad\" data-element_type=\"section\">\n\t\t\t\t\t\t<div class=\"elementor-container elementor-column-gap-default\">\n\t\t\t\t\t<div class=\"elementor-column elementor-col-66 elementor-top-column elementor-element elementor-element-da8d12f\" data-id=\"da8d12f\" data-element_type=\"column\">\n\t\t\t<div class=\"elementor-widget-wrap elementor-element-populated\">\n\t\t\t\t\t\t\t\t<div class=\"elementor-element elementor-element-477d579f elementor-widget elementor-widget-text-editor\" data-id=\"477d579f\" data-element_type=\"widget\" data-widget_type=\"text-editor.default\">\n\t\t\t\t<div class=\"elementor-widget-container\">\n\t\t\t\t\t\t\t<div><div><div><div><div><h4>Objetivo General<\/h4><\/div><\/div><\/div><\/div><\/div><div><div><div><div>Formar profesionales con los conocimientos, las habilidades y las actitudes que les permitan:<\/div><\/div><\/div><div><div><div><div><div><ul><li>Comprender y llevar a cabo los procesos de creaci\u00f3n, interpretaci\u00f3n y aplicaci\u00f3n de las normas jur\u00eddicas, incidiendo en la transformaci\u00f3n jur\u00eddico-pol\u00edtica del Estado y de la sociedad, coadyuvando a alcanzar condiciones de justicia y de convivencia pac\u00edfica, arm\u00f3nica y participativa entre ellos, con una perspectiva global.<\/li><li>Fomentar, a trav\u00e9s de su pr\u00e1ctica profesional, la tolerancia y el respeto a la diversidad y al medio ambiente, en el marco de los valores \u00e9ticos y los principios del ideario lasallista.<\/li><\/ul><\/div><\/div><div>\u00a0<\/div><\/div><\/div><\/div><\/div><div><div><div><div><div><h4>Requisitos de Admisi\u00f3n<\/h4><\/div><\/div><\/div><\/div><\/div><div><div><div><div>\u00a0<\/div><\/div><\/div><div><div><div><div><div><ul><li>Haber terminado la preparatoria o su equivalente con promedio m\u00ednimo de ocho en materias acad\u00e9micas.<\/li><li>Entregar oportunamente la informaci\u00f3n que se le solicite.<\/li><li>Presentarte a las entrevistas personales.<\/li><li>Asistir a la bienvenida y al curso de inducci\u00f3n.<\/li><li>Cubrir las cuotas correspondientes<\/li><\/ul><\/div><\/div><div>\u00a0<\/div><\/div><\/div><\/div><\/div><div><div><div><div><div><h4>Perfil de Ingreso<\/h4><\/div><\/div><\/div><\/div><\/div><div><div><div><div>\u00a0<\/div><\/div><\/div><div><div><div><div><div><p>Los estudiantes que aspiren a ingresar a esta carrera deber\u00e1n tener firmes deseos de superarse a trav\u00e9s del aprendizaje, con una gran retentiva y juicio cr\u00edtico. Ser capaces de enfrentar problemas de terceras personas sin involucrarse. Un amplio sentido de justicia, buscando siempre el bien social. As\u00ed como contar con la capacidad y el compromiso de afrontar y buscar soluciones a las problem\u00e1ticas jur\u00eddicas que el mundo actual nos presenta.<\/p><\/div><\/div><div>\u00a0<\/div><\/div><\/div><\/div><\/div><div><div><div><div><div><h4>Perfil de Egreso y Campo Laboral<\/h4><\/div><\/div><\/div><\/div><\/div><div><div><div><div>\u00a0<\/div><\/div><\/div><div><div><div><div><div><p>Al t\u00e9rmino de la licenciatura, el egresado ser\u00e1 capaz de aplicar eficazmente los conceptos y las herramientas de la ciencia jur\u00eddica en sus diferentes ramas, adquiridas a lo largo de su estancia en la universidad, y as\u00ed coadyuvar al bienestar social mediante una actitud cr\u00edtica y reflexiva acorde a las necesidades de la sociedad y los requerimientos del campo cient\u00edfico y tecnol\u00f3gico que hoy demandan el quehacer del abogado.<\/p><p>Por ello podr\u00e1 insertarse laboralmente en las \u00e1reas jur\u00eddicas de la iniciativa p\u00fablica o privada, en los diferentes niveles de gobierno, as\u00ed como ejercer de manera particular la profesi\u00f3n en las distintas ramas del Derecho.<\/p><p>Dentro de los campos laborales en las que se podr\u00e1 desempe\u00f1ar el Abogado Lasallista se encuentran el constitucional, procesal, penal, de amparo, civil, laboral, agrario, entre otras, desempe\u00f1ando las funciones de:<\/p><ul><li>Servidor P\u00fablico<\/li><li>Asesor y\/o Consultor Jur\u00eddico<\/li><li>Representante Legal<\/li><li>En la Investigaci\u00f3n Jur\u00eddica<\/li><li>Abogac\u00eda \/ Litigio<\/li><li>Mediaci\u00f3n<\/li><li>Docencia<\/li><\/ul><\/div><\/div><\/div><\/div><\/div><\/div>\t\t\t\t\t\t<\/div>\n\t\t\t\t<\/div>\n\t\t\t\t\t<\/div>\n\t\t<\/div>\n\t\t\t\t<div class=\"elementor-column elementor-col-33 elementor-top-column elementor-element elementor-element-0a2a0bb\" data-id=\"0a2a0bb\" data-element_type=\"column\">\n\t\t\t<div class=\"elementor-widget-wrap elementor-element-populated\">\n\t\t\t\t\t\t\t\t<div class=\"elementor-element elementor-element-c6aa03c elementor-widget elementor-widget-text-editor\" data-id=\"c6aa03c\" data-element_type=\"widget\" data-widget_type=\"text-editor.default\">\n\t\t\t\t<div class=\"elementor-widget-container\">\n\t\t\t\t\t\t\t<h5>Contacto<\/h5>\t\t\t\t\t\t<\/div>\n\t\t\t\t<\/div>\n\t\t\t\t<div class=\"elementor-element elementor-element-2f2e0c0 elementor-widget elementor-widget-text-editor\" data-id=\"2f2e0c0\" data-element_type=\"widget\" data-widget_type=\"text-editor.default\">\n\t\t\t\t<div class=\"elementor-widget-container\">\n\t\t\t\t\t\t\t<p><strong>Jefa de Carrera<\/strong><br \/>Dra. Sandra Ceballos Torres<br \/>Tel: (777) 311 5525 ext. 800\/801<br \/><a href=\"mailto:academia.derecho@lasallecuernavaca.edu.mx\">academia.derecho@lasallecuernavaca.edu.mx<\/a><\/p><p><strong>Asesor Educativo<br \/><\/strong>Lic. Gladys C\u00e1rdenas<br \/><span style=\"font-size: 1.1em; font-weight: var( --e-global-typography-text-font-weight );\">Tel: (777) 3115525 ext. 424<br \/><\/span>Cel: <span data-olk-copy-source=\"MessageBody\">777 387 2474<\/span><br \/><a style=\"font-size: 1.1em; font-weight: var( --e-global-typography-text-font-weight ); background-color: #ffffff;\" href=\"mailto:promocion06@lasallecuernavaca.edu.mx\" target=\"_blank\" rel=\"noopener noreferrer\" data-auth=\"NotApplicable\">promocion04@lasallecuernavaca.edu.mx<\/a><\/p>\t\t\t\t\t\t<\/div>\n\t\t\t\t<\/div>\n\t\t\t\t\t<\/div>\n\t\t<\/div>\n\t\t\t\t\t\t\t<\/div>\n\t\t<\/section>\n\t\t\t\t<section class=\"elementor-section elementor-top-section elementor-element elementor-element-3b88134 elementor-section-boxed elementor-section-height-default elementor-section-height-default\" data-id=\"3b88134\" data-element_type=\"section\">\n\t\t\t\t\t\t<div class=\"elementor-container elementor-column-gap-default\">\n\t\t\t\t\t<div class=\"elementor-column elementor-col-100 elementor-top-column elementor-element elementor-element-9a96850\" data-id=\"9a96850\" data-element_type=\"column\">\n\t\t\t<div class=\"elementor-widget-wrap elementor-element-populated\">\n\t\t\t\t\t\t\t\t<div class=\"elementor-element elementor-element-50622f9 elementor-widget elementor-widget-text-editor\" data-id=\"50622f9\" data-element_type=\"widget\" data-widget_type=\"text-editor.default\">\n\t\t\t\t<div class=\"elementor-widget-container\">\n\t\t\t\t\t\t\t<h2>Plan de Estudios Semestral<\/h2>\t\t\t\t\t\t<\/div>\n\t\t\t\t<\/div>\n\t\t\t\t\t<\/div>\n\t\t<\/div>\n\t\t\t\t\t\t\t<\/div>\n\t\t<\/section>\n\t\t\t\t<section class=\"elementor-section elementor-top-section elementor-element elementor-element-b755369 elementor-section-boxed elementor-section-height-default elementor-section-height-default\" data-id=\"b755369\" data-element_type=\"section\">\n\t\t\t\t\t\t<div class=\"elementor-container elementor-column-gap-default\">\n\t\t\t\t\t<div class=\"elementor-column elementor-col-50 elementor-top-column elementor-element elementor-element-1176e70\" data-id=\"1176e70\" data-element_type=\"column\">\n\t\t\t<div class=\"elementor-widget-wrap elementor-element-populated\">\n\t\t\t\t\t\t\t\t<div class=\"elementor-element elementor-element-c85749e elementor-widget elementor-widget-text-editor\" data-id=\"c85749e\" data-element_type=\"widget\" data-widget_type=\"text-editor.default\">\n\t\t\t\t<div class=\"elementor-widget-container\">\n\t\t\t\t\t\t\t<div>&nbsp;<\/div>\n<div>\n<div>\n<div>\n<div>\n<div>\n<h3>1\u00ba Semestre<\/h3>\n<div>\n<div>\n<div>\n<ul>\n<li>Teor\u00eda y Fuentes del Derecho<\/li>\n<li>Expresi\u00f3n oral y escrita en la pr\u00e1ctica jur\u00eddica<\/li>\n<li>Derecho Romano<\/li>\n<li>Nociones Fundamentales de Econom\u00eda<\/li>\n<li>Sociolog\u00eda Jur\u00eddica<\/li>\n<li>M\u00e9todos y T\u00e9cnicas de Investigaci\u00f3n en las Ciencias Sociales<\/li>\n<li>Taller de Comunicaci\u00f3n<\/li>\n<\/ul>\n<\/div>\n<\/div>\n<\/div>\n<\/div>\n<div>\n<h3>2\u00ba Semestre<\/h3>\n<div>\n<div>\n<div>\n<ul>\n<li>Teor\u00eda del Delito<\/li>\n<li>Personas y Familia<\/li>\n<li>Historia del Derecho<\/li>\n<li>Estado y Sociedad<\/li>\n<li>Sistemas Jur\u00eddicos Contempor\u00e1neos<\/li>\n<li>Teor\u00eda General del Proceso<\/li>\n<li>Taller de Creatividad<\/li>\n<\/ul>\n<\/div>\n<\/div>\n<\/div>\n<\/div>\n<div>\n<h3>3\u00ba Semestre<\/h3>\n<div>\n<div>\n<div>\n<ul>\n<li>L\u00f3gica y Argumentaci\u00f3n Jur\u00eddica<\/li>\n<li>Derecho Constitucional<\/li>\n<li>Delitos en Particular<\/li>\n<li>Bienes y Sucesiones<\/li>\n<li>Derecho Procesal Civil<\/li>\n<li>Lengua Extranjera I<\/li>\n<li>La Persona en un Mundo Globalizado<\/li>\n<\/ul>\n<\/div>\n<\/div>\n<\/div>\n<\/div>\n<div>\n<h3>4\u00ba Semestre<\/h3>\n<div>\n<div>\n<div>\n<ul>\n<li>Derecho Procesal Penal<\/li>\n<li>Derechos Fundamentales<\/li>\n<li>Teor\u00eda General de las Obligaciones I<\/li>\n<li>Derecho y Econom\u00eda<\/li>\n<li>Lengua Extranjera II<\/li>\n<li>Identidad Lasallista<\/li>\n<\/ul>\n<h3>5\u00ba Semestre<\/h3>\n<div>\n<div>\n<div>\n<ul>\n<li>Derecho Administrativo<\/li>\n<li>Teor\u00eda General de las Obligaciones II<\/li>\n<li>Derecho Societario<\/li>\n<li>Metodolog\u00eda Jur\u00eddica<\/li>\n<li>Derecho Internacional P\u00fablico<\/li>\n<li>Taller de Bio\u00e9tica y Perspectiva de G\u00e9nero<\/li><\/ul><\/div><\/div><\/div><\/div><\/div><\/div><\/div>\n<\/div>\n<\/div>\n<\/div>\n<\/div>\t\t\t\t\t\t<\/div>\n\t\t\t\t<\/div>\n\t\t\t\t\t<\/div>\n\t\t<\/div>\n\t\t\t\t<div class=\"elementor-column elementor-col-50 elementor-top-column elementor-element elementor-element-ccfe509\" data-id=\"ccfe509\" data-element_type=\"column\">\n\t\t\t<div class=\"elementor-widget-wrap elementor-element-populated\">\n\t\t\t\t\t\t\t\t<div class=\"elementor-element elementor-element-9f0e2b1 elementor-widget elementor-widget-text-editor\" data-id=\"9f0e2b1\" data-element_type=\"widget\" data-widget_type=\"text-editor.default\">\n\t\t\t\t<div class=\"elementor-widget-container\">\n\t\t\t\t\t\t\t<div><h3>6\u00ba Semestre<\/h3><div><div><div><ul><li>Teor\u00eda General de la Prueba<\/li><li>Derecho Fiscal<\/li><li>Organismos Internacionales de los Derechos Humanos<\/li><li>Contratos Civiles<\/li><li>T\u00edtulos de Cr\u00e9dito y Operaciones Mercantiles<\/li><li>Taller de Emprendimiento, Empleabilidad y Sostenibilidad<\/li><\/ul><\/div><\/div><\/div><\/div><div><h3>7\u00ba Semestre<\/h3><div><div><div><ul><li>Derecho Procesal Administrativo<\/li><li>Amparo<\/li><li>Derecho Procesal Mercantil<\/li><li>Derecho del Trabajo I<\/li><li>Derecho Internacional Privado<\/li><li>\u00c9tica en la Vida Profesional<\/li><\/ul><\/div><\/div><\/div><\/div><div><h3>8\u00ba Semestre<\/h3><div><div><div><ul><li>Derecho Procesal Constitucional<\/li><li>Contratos Mercantiles<\/li><li>Derecho del Trabajo II<\/li><li>Principios B\u00e1sicos de Contabilidad y Finanzas<\/li><li>Gesti\u00f3n Legal en Entornos Multinacionales<\/li><li>Asignatura del \u00c1rea Com\u00fan<\/li><\/ul><\/div><\/div><\/div><\/div><div><h3>9\u00ba Semestre<\/h3><div><div><div><ul><li>Derecho y Tecnolog\u00eda<\/li><li>An\u00e1lisis de Datos y Manejo de la Informaci\u00f3n<\/li><li>Cl\u00ednica<\/li><li>Mecanismos Alternos de Soluci\u00f3n de Conflictos<\/li><li>\u00c1rea de Profundizaci\u00f3n I<\/li><li>\u00c1rea de Profundizaci\u00f3n II<\/li><\/ul><\/div><\/div><\/div><\/div><div><h3>10\u00ba Semestre<\/h3><div><div><div><ul><li>Filosof\u00eda del Derecho<\/li><li>Derecho Ambiental<\/li><li>Perspectiva Global del Derecho<\/li><li>\u00c1rea de Profundizaci\u00f3n III<\/li><li>\u00c1rea de Profundizaci\u00f3n IV<\/li><li>\u00c1rea de Profundizaci\u00f3n V<\/li><\/ul><\/div><\/div><\/div><\/div>\t\t\t\t\t\t<\/div>\n\t\t\t\t<\/div>\n\t\t\t\t\t<\/div>\n\t\t<\/div>\n\t\t\t\t\t\t\t<\/div>\n\t\t<\/section>\n\t\t\t\t<section class=\"elementor-section elementor-top-section elementor-element elementor-element-5e5929a elementor-section-boxed elementor-section-height-default elementor-section-height-default\" data-id=\"5e5929a\" data-element_type=\"section\">\n\t\t\t\t\t\t<div class=\"elementor-container elementor-column-gap-default\">\n\t\t\t\t\t<div class=\"elementor-column elementor-col-50 elementor-top-column elementor-element elementor-element-200517d\" data-id=\"200517d\" data-element_type=\"column\">\n\t\t\t<div class=\"elementor-widget-wrap elementor-element-populated\">\n\t\t\t\t\t\t\t\t<div class=\"elementor-element elementor-element-7176d0a elementor-widget elementor-widget-text-editor\" data-id=\"7176d0a\" data-element_type=\"widget\" data-widget_type=\"text-editor.default\">\n\t\t\t\t<div class=\"elementor-widget-container\">\n\t\t\t\t\t\t\t<h3><span style=\"color: #1569ae; font-family: Roboto, sans-serif;\"><span style=\"font-size: 2rem;\"><b>\u00c1reas de Profundizaci\u00f3n<\/b><\/span><\/span><\/h3><h3><span style=\"font-size: 16px;\">9\u00b0 y 10\u00b0 semestre<\/span><\/h3><div><ul><li>Contratos Administrativos<\/li><li>Derecho Municipal<\/li><li>Criminolog\u00eda<\/li><li>R\u00e9gimen Jur\u00eddico del Servidor P\u00fablico<\/li><li>Derecho Migratorio<\/li><li>Cl\u00ednica de Derecho Constitucional<\/li><li>Derecho Bancario y Burs\u00e1til<\/li><li>Derecho Concursal<\/li><li>Derecho Tur\u00edstico<\/li><li>Competencia Econ\u00f3mica<\/li><li>Derecho Notarial y Registral<\/li><li>Derecho de la Seguridad Social<\/li><li>Derecho Agrario<\/li><\/ul><\/div>\t\t\t\t\t\t<\/div>\n\t\t\t\t<\/div>\n\t\t\t\t\t<\/div>\n\t\t<\/div>\n\t\t\t\t<div class=\"elementor-column elementor-col-50 elementor-top-column elementor-element elementor-element-56d95b2\" data-id=\"56d95b2\" data-element_type=\"column\">\n\t\t\t<div class=\"elementor-widget-wrap elementor-element-populated\">\n\t\t\t\t\t\t\t\t<div class=\"elementor-element elementor-element-93f3515 elementor-widget elementor-widget-text-editor\" data-id=\"93f3515\" data-element_type=\"widget\" data-widget_type=\"text-editor.default\">\n\t\t\t\t<div class=\"elementor-widget-container\">\n\t\t\t\t\t\t\t<div>\n<div>\n<div>\n<div>\n<h3><span style=\"color: #1569ae; font-family: Roboto, sans-serif; font-size: 2rem; font-weight: 600;\">\u00c1rea Com\u00fan<\/span><\/h3><div><h3><span style=\"font-size: 16px;\">8\u00b0 semestre<\/span><\/h3><\/div>\n<ul>\n<li>Seminario de Transformaci\u00f3n Social<\/li>\n<li>Desarrollo Espiritual<\/li>\n<li>El Fen\u00f3meno Religioso<\/li>\n<\/ul>\n<\/div>\n<\/div>\n<\/div>\n<\/div>\t\t\t\t\t\t<\/div>\n\t\t\t\t<\/div>\n\t\t\t\t\t<\/div>\n\t\t<\/div>\n\t\t\t\t\t\t\t<\/div>\n\t\t<\/section>\n\t\t\t\t<section class=\"elementor-section elementor-top-section elementor-element elementor-element-a08dfa5 elementor-section-boxed elementor-section-height-default elementor-section-height-default\" data-id=\"a08dfa5\" data-element_type=\"section\">\n\t\t\t\t\t\t<div class=\"elementor-container elementor-column-gap-default\">\n\t\t\t\t\t<div class=\"elementor-column elementor-col-100 elementor-top-column elementor-element elementor-element-fe69909\" data-id=\"fe69909\" data-element_type=\"column\">\n\t\t\t<div class=\"elementor-widget-wrap elementor-element-populated\">\n\t\t\t\t\t\t\t\t<div class=\"elementor-element elementor-element-52214a8 elementor-widget elementor-widget-spacer\" data-id=\"52214a8\" data-element_type=\"widget\" data-widget_type=\"spacer.default\">\n\t\t\t\t<div class=\"elementor-widget-container\">\n\t\t\t<style>\/*! elementor - v3.17.0 - 08-11-2023 *\/\n.elementor-column .elementor-spacer-inner{height:var(--spacer-size)}.e-con{--container-widget-width:100%}.e-con-inner>.elementor-widget-spacer,.e-con>.elementor-widget-spacer{width:var(--container-widget-width,var(--spacer-size));--align-self:var(--container-widget-align-self,initial);--flex-shrink:0}.e-con-inner>.elementor-widget-spacer>.elementor-widget-container,.e-con>.elementor-widget-spacer>.elementor-widget-container{height:100%;width:100%}.e-con-inner>.elementor-widget-spacer>.elementor-widget-container>.elementor-spacer,.e-con>.elementor-widget-spacer>.elementor-widget-container>.elementor-spacer{height:100%}.e-con-inner>.elementor-widget-spacer>.elementor-widget-container>.elementor-spacer>.elementor-spacer-inner,.e-con>.elementor-widget-spacer>.elementor-widget-container>.elementor-spacer>.elementor-spacer-inner{height:var(--container-widget-height,var(--spacer-size))}.e-con-inner>.elementor-widget-spacer.elementor-widget-empty,.e-con>.elementor-widget-spacer.elementor-widget-empty{position:relative;min-height:22px;min-width:22px}.e-con-inner>.elementor-widget-spacer.elementor-widget-empty .elementor-widget-empty-icon,.e-con>.elementor-widget-spacer.elementor-widget-empty .elementor-widget-empty-icon{position:absolute;top:0;bottom:0;left:0;right:0;margin:auto;padding:0;width:22px;height:22px}<\/style>\t\t<div class=\"elementor-spacer\">\n\t\t\t<div class=\"elementor-spacer-inner\"><\/div>\n\t\t<\/div>\n\t\t\t\t<\/div>\n\t\t\t\t<\/div>\n\t\t\t\t\t<\/div>\n\t\t<\/div>\n\t\t\t\t\t\t\t<\/div>\n\t\t<\/section>\n\t\t\t\t<section class=\"elementor-section elementor-top-section elementor-element elementor-element-0e96374 elementor-section-stretched elementor-section-boxed elementor-section-height-default elementor-section-height-default\" data-id=\"0e96374\" data-element_type=\"section\" data-settings=\"{&quot;stretch_section&quot;:&quot;section-stretched&quot;,&quot;background_background&quot;:&quot;classic&quot;}\" data-e-bg-lazyload=\"\">\n\t\t\t\t\t\t<div class=\"elementor-container elementor-column-gap-default\">\n\t\t\t\t\t<div class=\"elementor-column elementor-col-100 elementor-top-column elementor-element elementor-element-20877fc\" data-id=\"20877fc\" data-element_type=\"column\">\n\t\t\t<div class=\"elementor-widget-wrap elementor-element-populated\">\n\t\t\t\t\t\t\t\t<div class=\"elementor-element elementor-element-f418bf0 elementor-widget elementor-widget-text-editor\" data-id=\"f418bf0\" data-element_type=\"widget\" data-widget_type=\"text-editor.default\">\n\t\t\t\t<div class=\"elementor-widget-container\">\n\t\t\t\t\t\t\t<h2><span style=\"color: #ffffff;\">\u00a1Bienvenid@ a la comunidad educativa <\/span><br \/><span style=\"color: #ffffff;\">m\u00e1s grande del mundo!<\/span><\/h2>\t\t\t\t\t\t<\/div>\n\t\t\t\t<\/div>\n\t\t\t\t\t<\/div>\n\t\t<\/div>\n\t\t\t\t\t\t\t<\/div>\n\t\t<\/section>\n\t\t\t\t\t\t\t<\/div>\n\t\t","protected":false},"excerpt":{"rendered":"<p>Licenciatura en Derecho R.V.O.E. 952109 de fecha 16-05-95. Actualizado en 2015 Objetivo General Formar profesionales con los conocimientos, las habilidades y las actitudes que les permitan: Comprender y llevar a cabo los procesos de creaci\u00f3n, interpretaci\u00f3n y aplicaci\u00f3n de las normas jur\u00eddicas, incidiendo en la transformaci\u00f3n jur\u00eddico-pol\u00edtica del Estado y de la sociedad, coadyuvando a [&hellip;]<\/p>\n","protected":false},"author":2,"featured_media":0,"parent":1182,"menu_order":0,"comment_status":"closed","ping_status":"closed","template":"","meta":{"content-type":"","footnotes":""},"_links":{"self":[{"href":"https:\/\/www.lasallecuernavaca.edu.mx\/wp\/wp-json\/wp\/v2\/pages\/1060"}],"collection":[{"href":"https:\/\/www.lasallecuernavaca.edu.mx\/wp\/wp-json\/wp\/v2\/pages"}],"about":[{"href":"https:\/\/www.lasallecuernavaca.edu.mx\/wp\/wp-json\/wp\/v2\/types\/page"}],"author":[{"embeddable":true,"href":"https:\/\/www.lasallecuernavaca.edu.mx\/wp\/wp-json\/wp\/v2\/users\/2"}],"replies":[{"embeddable":true,"href":"https:\/\/www.lasallecuernavaca.edu.mx\/wp\/wp-json\/wp\/v2\/comments?post=1060"}],"version-history":[{"count":81,"href":"https:\/\/www.lasallecuernavaca.edu.mx\/wp\/wp-json\/wp\/v2\/pages\/1060\/revisions"}],"predecessor-version":[{"id":19576,"href":"https:\/\/www.lasallecuernavaca.edu.mx\/wp\/wp-json\/wp\/v2\/pages\/1060\/revisions\/19576"}],"up":[{"embeddable":true,"href":"https:\/\/www.lasallecuernavaca.edu.mx\/wp\/wp-json\/wp\/v2\/pages\/1182"}],"wp:attachment":[{"href":"https:\/\/www.lasallecuernavaca.edu.mx\/wp\/wp-json\/wp\/v2\/media?parent=1060"}],"curies":[{"name":"wp","href":"https:\/\/api.w.org\/{rel}","templated":true}]}}